{"id":512,"date":"2023-06-06T15:46:11","date_gmt":"2023-06-06T13:46:11","guid":{"rendered":"https:\/\/drugaszansa.com\/?page_id=512"},"modified":"2023-06-10T14:42:24","modified_gmt":"2023-06-10T12:42:24","slug":"darowizna","status":"publish","type":"page","link":"https:\/\/drugaszansa.com\/index.php\/darowizna\/","title":{"rendered":"Darowizna"},"content":{"rendered":"\t\t<div data-elementor-type=\"wp-page\" data-elementor-id=\"512\" class=\"elementor elementor-512\" data-elementor-post-type=\"page\">\n\t\t\t\t\t\t<section class=\"elementor-section elementor-top-section elementor-element elementor-element-f1a1543 elementor-section-boxed elementor-section-height-default elementor-section-height-default\" data-id=\"f1a1543\" data-element_type=\"section\">\n\t\t\t\t\t\t<div class=\"elementor-container elementor-column-gap-default\">\n\t\t\t\t\t<div class=\"elementor-column elementor-col-50 elementor-top-column elementor-element elementor-element-ff0d806\" data-id=\"ff0d806\" data-element_type=\"column\">\n\t\t\t<div class=\"elementor-widget-wrap elementor-element-populated\">\n\t\t\t\t\t\t<div class=\"elementor-element elementor-element-bd54f34 elementor-widget elementor-widget-heading\" data-id=\"bd54f34\" data-element_type=\"widget\" data-widget_type=\"heading.default\">\n\t\t\t\t<div class=\"elementor-widget-container\">\n\t\t\t\t\t<h2 class=\"elementor-heading-title elementor-size-default\">Przelew tradycyjny<\/h2>\t\t\t\t<\/div>\n\t\t\t\t<\/div>\n\t\t\t\t<div class=\"elementor-element elementor-element-d9b3623 elementor-widget elementor-widget-image\" data-id=\"d9b3623\" data-element_type=\"widget\" data-widget_type=\"image.default\">\n\t\t\t\t<div class=\"elementor-widget-container\">\n\t\t\t\t\t\t\t\t\t\t\t\t\t\t\t<img decoding=\"async\" width=\"300\" height=\"150\" src=\"https:\/\/drugaszansa.com\/wp-content\/uploads\/2023\/06\/przelew2.jpg\" class=\"attachment-large size-large wp-image-546\" alt=\"\" \/>\t\t\t\t\t\t\t\t\t\t\t\t\t\t\t<\/div>\n\t\t\t\t<\/div>\n\t\t\t\t<div class=\"elementor-element elementor-element-17af5bb elementor-widget elementor-widget-text-editor\" data-id=\"17af5bb\" data-element_type=\"widget\" data-widget_type=\"text-editor.default\">\n\t\t\t\t<div class=\"elementor-widget-container\">\n\t\t\t\t\t\t\t\t\t<p>Ko\u015bci\u00f3\u0142 Bo\u017cy w Chrystusie<br \/>Druga Szansa<\/p><p>PKO BP\u00a0 32 1020 3408 0000 4302 0440 7144<\/p>\t\t\t\t\t\t\t\t<\/div>\n\t\t\t\t<\/div>\n\t\t\t\t\t<\/div>\n\t\t<\/div>\n\t\t\t\t<div class=\"elementor-column elementor-col-50 elementor-top-column elementor-element elementor-element-b09a21c\" data-id=\"b09a21c\" data-element_type=\"column\">\n\t\t\t<div class=\"elementor-widget-wrap elementor-element-populated\">\n\t\t\t\t\t\t<div class=\"elementor-element elementor-element-575070b elementor-widget elementor-widget-heading\" data-id=\"575070b\" data-element_type=\"widget\" data-widget_type=\"heading.default\">\n\t\t\t\t<div class=\"elementor-widget-container\">\n\t\t\t\t\t<h2 class=\"elementor-heading-title elementor-size-default\">P\u0142atno\u015b\u0107 online, kart\u0105 lub blikiem<\/h2>\t\t\t\t<\/div>\n\t\t\t\t<\/div>\n\t\t\t\t<div class=\"elementor-element elementor-element-3c07b0a elementor-widget elementor-widget-image\" data-id=\"3c07b0a\" data-element_type=\"widget\" data-widget_type=\"image.default\">\n\t\t\t\t<div class=\"elementor-widget-container\">\n\t\t\t\t\t\t\t\t\t\t\t\t\t\t\t<img decoding=\"async\" width=\"300\" height=\"150\" src=\"https:\/\/drugaszansa.com\/wp-content\/uploads\/2023\/06\/przelew2-300\u00d7150-px.jpg\" class=\"attachment-large size-large wp-image-557\" alt=\"\" \/>\t\t\t\t\t\t\t\t\t\t\t\t\t\t\t<\/div>\n\t\t\t\t<\/div>\n\t\t\t\t<div class=\"elementor-element elementor-element-1cf5d33 elementor-widget elementor-widget-html\" data-id=\"1cf5d33\" data-element_type=\"widget\" data-widget_type=\"html.default\">\n\t\t\t\t<div class=\"elementor-widget-container\">\n\t\t\t\t\t<style>\r\np.serif {\r\n  font-family: \"Roboto\", Sans-serif;\r\n}\r\n<\/style>\r\n<div class=\"row support-content\">\r\n       <form method=\"get\" action=\"https:\/\/sklep.przelewy24.pl\/zakup.php\" onsubmit=\"mysubmit()\">\r\n      <input type=\"hidden\" name=\"z24_id_sprzedawcy\" value=\"225976\">\r\n      <input type=\"hidden\" name=\"z24_crc\" value=\"c118cb48b46cfd2c\">\r\n      <input type=\"hidden\" name=\"z24_return_url\" value=\"drugaszansa.com\">\r\n      <input type=\"hidden\" name=\"z24_language\" value=\"pl\">\r\n      <table>\r\n        <tr>\r\n          <td align=\"right\">Nazwa produktu:<\/td>\r\n          <td>\r\n          <input type=\"text\" name=\"z24_nazwa\" value=\"DAROWIZNA\">\r\n          <\/td>\r\n        <\/tr>\r\n        <tr>\r\n          <td align=\"right\">Dodatkowy opis:<\/td>\r\n          <td>\r\n          <textarea name=\"z24_opis\" style=\"width:250px\">Dodatkowe informacje...<\/textarea>\r\n          <\/td>\r\n        <\/tr>\r\n        <tr>\r\n          <td align=\"right\">Do zap\u0142aty:<\/td>\r\n          <td><input type=\"text\" name=\"z24_kwota\"><\/td><!--KWOTA W GROSZACH-->\r\n        <\/tr>\r\n      <\/table>\r\n      <input type=\"submit\" value=\"zap\u0142a\u0107 z przelewy24.pl\">\r\n    <\/form>\r\n<\/div>\r\n<script src=\"https:\/\/code.jquery.com\/jquery-3.3.1.min.js\"\r\nintegrity=\"sha256-FgpCb\/KJQlLNfOu91ta32o\/NMZxltwRo8QtmkMRdAu8=\"\r\ncrossorigin=\"anonymous\"><\/script>\r\n<script type=\"text\/javascript\">\r\n    var firstSubmit = false;\r\n    $('#myform').on('submit',function(e){  \r\n        if(!firstSubmit){     \r\n            e.preventDefault();        \r\n            firstSubmit = true;\r\n            var amount = parseInt($('input[name=z24_kwota]').val());\r\n            $('input[name=z24_kwota]').val(amount*100);\r\n            $('#myform').trigger('submit');        \r\n        }\r\n    })\r\n<\/script>\r\n\t\t\t\t<\/div>\n\t\t\t\t<\/div>\n\t\t\t\t\t<\/div>\n\t\t<\/div>\n\t\t\t\t\t<\/div>\n\t\t<\/section>\n\t\t\t\t<\/div>\n\t\t","protected":false},"excerpt":{"rendered":"<p>Przelew tradycyjny Ko\u015bci\u00f3\u0142 Bo\u017cy w ChrystusieDruga Szansa PKO BP\u00a0 32 1020 3408 0000 4302 0440 7144 P\u0142atno\u015b\u0107 online, kart\u0105 lub blikiem Nazwa produktu: Dodatkowy opis: Dodatkowe informacje&#8230; Do zap\u0142aty:<\/p>\n","protected":false},"author":1,"featured_media":0,"parent":0,"menu_order":0,"comment_status":"closed","ping_status":"closed","template":"","meta":{"footnotes":""},"class_list":["post-512","page","type-page","status-publish","hentry"],"_links":{"self":[{"href":"https:\/\/drugaszansa.com\/index.php\/wp-json\/wp\/v2\/pages\/512","targetHints":{"allow":["GET"]}}],"collection":[{"href":"https:\/\/drugaszansa.com\/index.php\/wp-json\/wp\/v2\/pages"}],"about":[{"href":"https:\/\/drugaszansa.com\/index.php\/wp-json\/wp\/v2\/types\/page"}],"author":[{"embeddable":true,"href":"https:\/\/drugaszansa.com\/index.php\/wp-json\/wp\/v2\/users\/1"}],"replies":[{"embeddable":true,"href":"https:\/\/drugaszansa.com\/index.php\/wp-json\/wp\/v2\/comments?post=512"}],"version-history":[{"count":88,"href":"https:\/\/drugaszansa.com\/index.php\/wp-json\/wp\/v2\/pages\/512\/revisions"}],"predecessor-version":[{"id":628,"href":"https:\/\/drugaszansa.com\/index.php\/wp-json\/wp\/v2\/pages\/512\/revisions\/628"}],"wp:attachment":[{"href":"https:\/\/drugaszansa.com\/index.php\/wp-json\/wp\/v2\/media?parent=512"}],"curies":[{"name":"wp","href":"https:\/\/api.w.org\/{rel}","templated":true}]}}